{"id":1328,"date":"2026-02-24T12:34:20","date_gmt":"2026-02-24T18:34:20","guid":{"rendered":"https:\/\/pacificprecisiondigitalmarketing.com\/?page_id=1328"},"modified":"2026-02-24T15:05:56","modified_gmt":"2026-02-24T21:05:56","slug":"privacy-policy","status":"publish","type":"page","link":"https:\/\/pacificprecisiondigitalmarketing.com\/es\/privacy-policy\/","title":{"rendered":"Pol\u00edtica de privacidad"},"content":{"rendered":"<div data-elementor-type=\"wp-page\" data-elementor-id=\"1328\" class=\"elementor elementor-1328\" data-elementor-post-type=\"page\">\n\t\t\t\t<div class=\"elementor-element elementor-element-64c7095 e-flex e-con-boxed e-con e-parent\" data-id=\"64c7095\" data-element_type=\"container\" data-e-type=\"container\">\n\t\t\t\t\t<div class=\"e-con-inner\">\n\t\t\t\t<div class=\"elementor-element elementor-element-6053e7f elementor-widget elementor-widget-heading\" data-id=\"6053e7f\" data-element_type=\"widget\" data-e-type=\"widget\" data-widget_type=\"heading.default\">\n\t\t\t\t<div class=\"elementor-widget-container\">\n\t\t\t\t\t<h2 class=\"elementor-heading-title elementor-size-default\">Pol\u00edtica de privacidad<\/h2>\t\t\t\t<\/div>\n\t\t\t\t<\/div>\n\t\t\t\t<div class=\"elementor-element elementor-element-63a4415 elementor-widget elementor-widget-text-editor\" data-id=\"63a4415\" data-element_type=\"widget\" data-e-type=\"widget\" data-widget_type=\"text-editor.default\">\n\t\t\t\t<div class=\"elementor-widget-container\">\n\t\t\t\t\t\t\t\t\t<p data-start=\"559\" data-end=\"588\">Fecha de entrada en vigor: 24 de febrero de 2026<\/p><p data-start=\"590\" data-end=\"874\">Esta pol\u00edtica de privacidad describe c\u00f3mo <strong data-start=\"624\" data-end=\"649\">Pacific Precision LLC<\/strong>, con domicilio en 8019 Chastain Ave, Reseda, CA 91335, Los \u00c1ngeles, California, Estados Unidos (\u201cEmpresa\u201d, \u201cnosotros\u201d, \u201cnuestro\u201d o \u201cnos\u201d), recopila, utiliza y protege su informaci\u00f3n cuando visita nuestro sitio web o utiliza nuestros servicios digitales.<\/p><h2 data-start=\"881\" data-end=\"909\">1. Informaci\u00f3n que recopilamos<\/h2><p data-start=\"911\" data-end=\"975\">Podemos recopilar las siguientes categor\u00edas de informaci\u00f3n personal:<\/p><ul data-start=\"977\" data-end=\"1160\"><li data-start=\"977\" data-end=\"990\"><p data-start=\"979\" data-end=\"990\">Nombre y apellidos<\/p><\/li><li data-start=\"991\" data-end=\"1008\"><p data-start=\"993\" data-end=\"1008\">Direcci\u00f3n de correo electr\u00f3nico<\/p><\/li><li data-start=\"1009\" data-end=\"1025\"><p data-start=\"1011\" data-end=\"1025\">N\u00famero de tel\u00e9fono<\/p><\/li><li data-start=\"1026\" data-end=\"1066\"><p data-start=\"1028\" data-end=\"1066\">Informaci\u00f3n sobre la empresa (si procede)<\/p><\/li><li data-start=\"1067\" data-end=\"1081\"><p data-start=\"1069\" data-end=\"1081\">Direcci\u00f3n IP<\/p><\/li><li data-start=\"1082\" data-end=\"1116\"><p data-start=\"1084\" data-end=\"1116\">Informaci\u00f3n sobre el navegador y el dispositivo<\/p><\/li><li data-start=\"1117\" data-end=\"1160\"><p data-start=\"1119\" data-end=\"1160\">Datos de uso del sitio web a trav\u00e9s de Google Analytics<\/p><\/li><\/ul><p data-start=\"1162\" data-end=\"1211\">No recopilamos informaci\u00f3n personal sensible.<\/p><h2 data-start=\"1218\" data-end=\"1246\">2. C\u00f3mo utilizamos la informaci\u00f3n<\/h2><p data-start=\"1248\" data-end=\"1280\">Utilizamos la informaci\u00f3n recopilada para:<\/p><ul data-start=\"1282\" data-end=\"1475\"><li data-start=\"1282\" data-end=\"1310\"><p data-start=\"1284\" data-end=\"1310\">Prestar servicios digitales<\/p><\/li><li data-start=\"1311\" data-end=\"1339\"><p data-start=\"1313\" data-end=\"1339\">Comunicarse con los clientes<\/p><\/li><li data-start=\"1340\" data-end=\"1371\"><p data-start=\"1342\" data-end=\"1371\">Enviar propuestas y facturas<\/p><\/li><li data-start=\"1372\" data-end=\"1403\"><p data-start=\"1374\" data-end=\"1403\">Mejorar el rendimiento del sitio web<\/p><\/li><li data-start=\"1404\" data-end=\"1441\"><p data-start=\"1406\" data-end=\"1441\">Analizar el tr\u00e1fico y el comportamiento de los usuarios<\/p><\/li><li data-start=\"1442\" data-end=\"1475\"><p data-start=\"1444\" data-end=\"1475\">Cumplir las obligaciones legales<\/p><\/li><\/ul><h2 data-start=\"1482\" data-end=\"1519\">3. Cookies y tecnolog\u00edas de seguimiento<\/h2><p data-start=\"1521\" data-end=\"1651\">Nuestro sitio web utiliza cookies y herramientas de an\u00e1lisis, como Google Analytics, para recopilar datos estad\u00edsticos y mejorar la experiencia del usuario.<\/p><p data-start=\"1653\" data-end=\"1710\">Los usuarios pueden desactivar las cookies a trav\u00e9s de la configuraci\u00f3n de su navegador.<\/p><h2 data-start=\"1717\" data-end=\"1745\">4. 4. Intercambio de informaci\u00f3n<\/h2><p data-start=\"1747\" data-end=\"1783\">No vendemos informaci\u00f3n personal.<\/p><p data-start=\"1785\" data-end=\"1816\">La informaci\u00f3n puede compartirse con:<\/p><ul data-start=\"1818\" data-end=\"1935\"><li data-start=\"1818\" data-end=\"1847\"><p data-start=\"1820\" data-end=\"1847\">Proveedores de alojamiento web<\/p><\/li><li data-start=\"1848\" data-end=\"1880\"><p data-start=\"1850\" data-end=\"1880\">Proveedores de servicios tecnol\u00f3gicos<\/p><\/li><li data-start=\"1881\" data-end=\"1935\"><p data-start=\"1883\" data-end=\"1935\">Autoridades legales o reguladoras si as\u00ed lo exige la ley<\/p><\/li><\/ul><h2 data-start=\"1942\" data-end=\"1985\">5. Derecho a la intimidad en California (CCPA\/CPRA)<\/h2><p data-start=\"1987\" data-end=\"2043\">Si reside en California, tiene derecho a:<\/p><ul data-start=\"2045\" data-end=\"2264\"><li data-start=\"2045\" data-end=\"2097\"><p data-start=\"2047\" data-end=\"2097\">Solicitar acceso a la informaci\u00f3n personal recopilada<\/p><\/li><li data-start=\"2098\" data-end=\"2142\"><p data-start=\"2100\" data-end=\"2142\">Solicitar la supresi\u00f3n de datos personales<\/p><\/li><li data-start=\"2143\" data-end=\"2196\"><p data-start=\"2145\" data-end=\"2196\">Saber qu\u00e9 categor\u00edas de informaci\u00f3n se recogen<\/p><\/li><li data-start=\"2197\" data-end=\"2264\"><p data-start=\"2199\" data-end=\"2264\">Exclusi\u00f3n voluntaria de la venta de informaci\u00f3n personal (no vendemos datos)<\/p><\/li><\/ul><p data-start=\"2266\" data-end=\"2300\">Para ejercer estos derechos, p\u00f3ngase en contacto con<\/p><p data-start=\"2302\" data-end=\"2330\"><a class=\"decorated-link cursor-pointer\" rel=\"noopener\" data-start=\"2302\" data-end=\"2330\">pacificprecisiondm@gmail.com<\/a><\/p><p data-start=\"2332\" data-end=\"2393\">Le responderemos en un plazo de 45 d\u00edas, tal como exige la legislaci\u00f3n de California.<\/p><h2 data-start=\"2400\" data-end=\"2420\">6. Conservaci\u00f3n de datos<\/h2><p data-start=\"2422\" data-end=\"2532\">Conservamos la informaci\u00f3n personal s\u00f3lo el tiempo necesario para prestar servicios o cumplir con las obligaciones legales.<\/p><h2 data-start=\"2539\" data-end=\"2558\">7. 7. Seguridad de los datos<\/h2><p data-start=\"2560\" data-end=\"2649\">Aplicamos salvaguardias administrativas y t\u00e9cnicas razonables para proteger los datos personales.<\/p><h2 data-start=\"2656\" data-end=\"2681\">8. Usuarios internacionales<\/h2><p data-start=\"2683\" data-end=\"2810\">Si accede a nuestro sitio web desde fuera de Estados Unidos, consiente la transferencia de su informaci\u00f3n a Estados Unidos.<\/p><h2 data-start=\"2817\" data-end=\"2830\">9. Actualiza<\/h2><p data-start=\"2832\" data-end=\"2915\">Podemos actualizar esta Pol\u00edtica de Privacidad en cualquier momento. Las actualizaciones se publicar\u00e1n en esta p\u00e1gina.<\/p>\t\t\t\t\t\t\t\t<\/div>\n\t\t\t\t<\/div>\n\t\t\t\t\t<\/div>\n\t\t\t\t<\/div>\n\t\t\t\t<\/div>","protected":false},"excerpt":{"rendered":"<p>Privacy Policy Effective Date: February 24, 2026 This Privacy Policy describes how Pacific Precision LLC, located at 8019 Chastain Ave, Reseda, CA 91335, Los Angeles, California, United States (&#8220;Company,&#8221; &#8220;we,&#8221; &#8220;our,&#8221; or &#8220;us&#8221;), collects, uses, and protects your information when you visit our website or use our digital services. 1. Information We Collect We may [&hellip;]<\/p>\n","protected":false},"author":2,"featured_media":0,"parent":0,"menu_order":0,"comment_status":"closed","ping_status":"closed","template":"","meta":{"_joinchat":[],"footnotes":""},"class_list":["post-1328","page","type-page","status-publish","hentry"],"_links":{"self":[{"href":"https:\/\/pacificprecisiondigitalmarketing.com\/es\/wp-json\/wp\/v2\/pages\/1328","targetHints":{"allow":["GET"]}}],"collection":[{"href":"https:\/\/pacificprecisiondigitalmarketing.com\/es\/wp-json\/wp\/v2\/pages"}],"about":[{"href":"https:\/\/pacificprecisiondigitalmarketing.com\/es\/wp-json\/wp\/v2\/types\/page"}],"author":[{"embeddable":true,"href":"https:\/\/pacificprecisiondigitalmarketing.com\/es\/wp-json\/wp\/v2\/users\/2"}],"replies":[{"embeddable":true,"href":"https:\/\/pacificprecisiondigitalmarketing.com\/es\/wp-json\/wp\/v2\/comments?post=1328"}],"version-history":[{"count":8,"href":"https:\/\/pacificprecisiondigitalmarketing.com\/es\/wp-json\/wp\/v2\/pages\/1328\/revisions"}],"predecessor-version":[{"id":1352,"href":"https:\/\/pacificprecisiondigitalmarketing.com\/es\/wp-json\/wp\/v2\/pages\/1328\/revisions\/1352"}],"wp:attachment":[{"href":"https:\/\/pacificprecisiondigitalmarketing.com\/es\/wp-json\/wp\/v2\/media?parent=1328"}],"curies":[{"name":"wp","href":"https:\/\/api.w.org\/{rel}","templated":true}]}}